{"id":316,"date":"2022-06-26T12:51:00","date_gmt":"2022-06-26T09:51:00","guid":{"rendered":"http:\/\/lg.skyweb.by\/home\/"},"modified":"2022-07-26T12:08:42","modified_gmt":"2022-07-26T09:08:42","slug":"home-3","status":"publish","type":"page","link":"https:\/\/leangroup.pl\/pl\/","title":{"rendered":"Home Pl"},"content":{"rendered":"    <section class=\"top \" id=\"block_62b77090c7ece\">\n        <div class=\"container\">\n            <h1>Tuby<br \/>\ni etykiety<\/h1>\n            <div class=\"top-content\">\n                <div class=\"top-left\">\n                    <p>Twoje elastyczne \u017ar\u00f3d\u0142o opakowania<\/p>\n                                            <a href=\"#contacts\" class=\"button-orang-a\">Kontakty<\/a>\n                                    <\/div>\n\n                <div class=\"top-right\">\n                                            <h6>Produkujemy:<\/h6>\n                                                                <div class=\"top-right-items\">\n                                                            <div class=\"top-right-item\">\n                                                                            <img src=\"https:\/\/leangroup.pl\/wp-content\/uploads\/2022\/06\/we-produce1.png\" alt=\"\">\n                                                                        <span>01.<\/span>\n                                                                            <p>Tuby laminowane<\/p>\n                                                                    <\/div>\n                                                            <div class=\"top-right-item\">\n                                                                            <img src=\"https:\/\/leangroup.pl\/wp-content\/uploads\/2022\/06\/we-produce2.png\" alt=\"\">\n                                                                        <span>02.<\/span>\n                                                                            <p>Tuby wyt\u0142aczane<\/p>\n                                                                    <\/div>\n                                                            <div class=\"top-right-item\">\n                                                                            <img src=\"https:\/\/leangroup.pl\/wp-content\/uploads\/2022\/06\/we-produce3.png\" alt=\"\">\n                                                                        <span>03.<\/span>\n                                                                            <p>Inne rozwi\u0105zania i produktu<\/p>\n                                                                    <\/div>\n                                                    <\/div>\n                                                                <a href=\"#our-news\" class=\"button-orang-a\"  id=\"about\">Aktualno\u015bci<\/a>\n                                    <\/div>\n            <\/div>\n        <\/div>\n    <\/section>\n\n\n        <section class=\"about-company \" id=\"block_62b772c747e81\">\n        <div class=\"container\">\n            <h3>O <b>nas<\/b><\/h3>\n<p>LeanGroup EUROPE \u2013 to m\u0142oda i ambitna firma, kt\u00f3ra zosta\u0142a utworzona w 2018 roku w Warszawie w Polsce.<br \/>\nPodstawowymi rodzajami dzia\u0142alno\u015bci firmy s\u0105 tuby laminowane i wyt\u0142aczane do produkt\u00f3w kosmetycznych (piel\u0119gnacja sk\u00f3ry, jamy ustnej, piel\u0119gnacja w\u0142os\u00f3w), produkt\u00f3w spo\u017cywczych (takich jak przyprawy, musztarda, mleko skondensowane itp.).<br \/>\nProponujemy r\u00f3wnie\u017c nadruk na folii do saszetek i etykiet.<\/p>\n<p>Obecnie geografia naszych sprzeda\u017cy obejmuje kraje UE oraz Wielka Brytani\u0119, ale nasz potencja\u0142 rozszerza nasz\u0105 obecno\u015b\u0107 na ca\u0142ym \u015bwiecie. <\/p>\n        <\/div>\n    <\/section>\n\n\n\n    \n    <section class=\"we-offer \" id=\"block_62b786167716d\">\n        <div class=\"we-offer-content\">\n            <div class=\"container\">\n                <div class=\"we-offer-top\">\n                    <div class=\"we-offer-header\">\n                                                    <h3 id=\"we-offer\">P<b>roponujemy<\/b>\n<\/h3>\n                                                                        <a href=\"https:\/\/leangroup.pl\/wp-content\/uploads\/2022\/07\/LeanGroup-Catalog.pdf\" class=\"button-orang-a\" download=\"\">\n                            <img src=\"https:\/\/leangroup.pl\/wp-content\/themes\/leangroup\/images\/icons\/Download-our-catalog.png\" alt=\"\">\n                            Pobierz nasz katalog                        <\/a>\n                                            <\/div>\n                                            <div class=\"we-offer-grid\">\n                                                            <div class=\"we-offer-grid-item\">\n                                    <h5>Tuby<br \/>\r\nlaminowane  <\/h5>\n                                    <div class=\"line\"><\/div>\n                                    <p>wydajno\u015b\u0107 maksymalna\u2013 550 mln\/rocznie<\/p>\n                                <\/div>\n                                                           <div class=\"we-offer-grid-item\">\n                                    <h5>Tuby<br \/>\r\nwyt\u0142aczane  <\/h5>\n                                    <div class=\"line\"><\/div>\n                                    <p>wydajno\u015b\u0107 maksymalna \u2013 50 mln\/rocznie<\/p>\n                                <\/div>\n                                                           <div class=\"we-offer-grid-item\">\n                                    <h5>Nakr\u0119tki i \u201eramiona\u201d  <\/h5>\n                                    <div class=\"line\"><\/div>\n                                    <p>do tub \u2013 produkcja w\u0142asna<\/p>\n                                <\/div>\n                                                           <div class=\"we-offer-grid-item\">\n                                    <h5>Inne<br \/>\r\nrozwi\u0105zania <\/h5>\n                                    <div class=\"line\"><\/div>\n                                    <p>Etykiety samoprzylepne, etykiety termokurczliwe, saszetki<\/p>\n                                <\/div>\n                                                   <\/div>\n                                                            <div class=\"we-offer-bottom\">\n                        <a href=\"https:\/\/leangroup.pl\/wp-content\/uploads\/2022\/07\/LeanGroup-Catalog.pdf\" class=\"button-orang-a\" download=\"\">\n                            <img src=\"https:\/\/leangroup.pl\/wp-content\/themes\/leangroup\/images\/icons\/Download-our-catalog.png\" alt=\"\">\n                            Pobierz nasz katalog                        <\/a>\n                    <\/div>\n                                    <\/div>\n            <\/div>\n            <div class=\"we-print\">\n                <div class=\"we-print-content\">\n                    <div class=\"container\">\n                        <div class=\"we-print-top\">\n                                                        <div class=\"we-print-left\">\n                                <h3>D<b>rukujemy<\/b><\/h3>\n<p>w r\u00f3\u017cny spos\u00f3b na r\u00f3\u017cnych formatach:<\/p>\n                            <\/div>\n                                                                                    <div class=\"we-print-right\">\n                                <img src=\"https:\/\/leangroup.pl\/wp-content\/uploads\/2022\/06\/we-print.png\" alt=\"\">\n                            <\/div>\n                                                    <\/div>\n                                                    <div class=\"we-print-grid\">\n                                                                    <div class=\"we-print-grid-item\">\n                                        <h5>Druk na laminacie <\/h5>\n                                        <div class=\"line\"><\/div>\n                                        druk fleksograficzny\/druk cyfrowy                                    <\/div>\n                                                                    <div class=\"we-print-grid-item\">\n                                        <h5>Druk w\u0105skostronny <\/h5>\n                                        <div class=\"line\"><\/div>\n                                        druk fleksograficzny\/druk cyfrowy\/sitodruk\/zimne lub gor\u0105ce t\u0142oczenie.<br \/>\r\n<br \/>\r\ndruk na tubach polietylenowych: druk fleksograficzny\/druk offsetowy\/sitodruk\/gor\u0105ce t\u0142oczenie                                    <\/div>\n                                                                    <div class=\"we-print-grid-item\">\n                                        <h5>druk na etykietach  <\/h5>\n                                        <div class=\"line\"><\/div>\n                                        druk na etykietach i foliach do drukowania torebek saszetkowych                                    <\/div>\n                                                            <\/div>\n                                            <\/div>\n                <\/div>\n            <\/div>\n        <\/div>\n\n    <\/section>\n\n\n        <section class=\"we-create \" id=\"block_62b778b2ec5e1\">\n        <div class=\"container\">\n            <div class=\"we-create-left\">\n                                    <h3 id=\"gallery\">We <b>wytwarzamy<\/b>\n<\/h3>\n                                                    <img id=\"myImg\" src=\"https:\/\/leangroup.pl\/wp-content\/uploads\/2022\/06\/we-create1.jpg\" alt=\"\" \/>\n                                            <div id=\"myModal\" class=\"modal\">\n                            <!-- The Close Button -->\n                            <span class=\"close\">&times;<\/span>\n                            <!-- Modal Content (The Image) -->\n                            <img class=\"modal-content\" id=\"img01\">\n                        <\/div>\n                                    <div class=\"we-create-left-group\">                    <img id=\"myImg2\" src=\"https:\/\/leangroup.pl\/wp-content\/uploads\/2022\/06\/we-create2.png\" alt=\"\" \/>\n                                                        <img id=\"myImg3\" src=\"https:\/\/leangroup.pl\/wp-content\/uploads\/2022\/06\/we-create3.jpg\" alt=\"\" \/>\n                    <\/div><\/div> <div class=\"we-create-right\">                                    <img id=\"myImg4\" src=\"https:\/\/leangroup.pl\/wp-content\/uploads\/2022\/06\/we-create4.jpg\" alt=\"\" \/>\n                                                        <img id=\"myImg5\" src=\"https:\/\/leangroup.pl\/wp-content\/uploads\/2022\/06\/we-create5.jpg\" alt=\"\" \/>\n                                                <\/div>\n        <\/div>\n    <\/section>\n    \n\n    <section class=\"our-advantages \" id=\"about-company\">\n        <div class=\"container\">\n                            <h3 id=\"our-advantages\">Nasze<br \/>\n<b>zalety<\/b>\n<\/h3>\n                                        <div class=\"our-advantages-items\">\n                                            <div class=\"our-advantages-item\">\n                                                            <div class=\"our-advantages-item-left\">\n                                    <p>Ogromne <b>do\u015bwiadczenie<\/b>: nasi specjali\u015bci posiadaj\u0105 wysokie kwalifikacje i profesjonalizm<\/p>\n                                <\/div>\n                                                                                        <div class=\"our-advantages-item-right\">\n                                    <p>do\u015bwiadczenie<\/p>\n                                <\/div>\n                                                    <\/div>\n                                            <div class=\"our-advantages-item\">\n                                                            <div class=\"our-advantages-item-left\">\n                                    <p>Dbamy o nasz\u0105 <b>reputacj\u0119<\/b>: d\u0142ugoterminowe umowy z naszymi klientami i dostawcami<\/p>\n                                <\/div>\n                                                                                        <div class=\"our-advantages-item-right\">\n                                    <p>reputacj\u0119<\/p>\n                                <\/div>\n                                                    <\/div>\n                                            <div class=\"our-advantages-item\">\n                                                            <div class=\"our-advantages-item-left\">\n                                    <p>Normy ka\u017cdego <b>procesu <\/b>produkcyjnego i produkt\u00f3w s\u0105 potwierdzone certyfikatami ISO 9001: 2008 i BRC klasy A+.<\/p>\n                                <\/div>\n                                                                                        <div class=\"our-advantages-item-right\">\n                                    <p>proces<\/p>\n                                <\/div>\n                                                    <\/div>\n                                            <div class=\"our-advantages-item\">\n                                                            <div class=\"our-advantages-item-left\">\n                                    <p><b>Elastyczno\u015b\u0107<\/b>: pracujemy 24 godziny na dob\u0119, 7 dni w tygodniu i dostarczamy produkty do r\u00f3\u017cnych miejsc na \u015bwiecie<\/p>\n                                <\/div>\n                                                                                        <div class=\"our-advantages-item-right\">\n                                    <p>Elastyczno\u015b\u0107<\/p>\n                                <\/div>\n                                                    <\/div>\n                                            <div class=\"our-advantages-item\">\n                                                            <div class=\"our-advantages-item-left\">\n                                    <p><b>Rozwijamy <\/b>si\u0119 i <b>inwestujemy <\/b>w produkcj\u0119: rezultatem jest kluczowa pozycja na rynku, nowe technologie<\/p>\n                                <\/div>\n                                                                                        <div class=\"our-advantages-item-right\">\n                                    <p>technologie<\/p>\n                                <\/div>\n                                                    <\/div>\n                                            <div class=\"our-advantages-item\">\n                                                            <div class=\"our-advantages-item-left\">\n                                    <p><b>Ekologiczne<\/b> rozwi\u0105zania \u2013 nie mo\u017cemy by\u0107 ca\u0142kowicie eco, ale starannie pracujemy nad tym, aby zmniejszy\u0107 szkodliwy wp\u0142yw na nasze \u015brodowisko \u2013 pracujemy z trzcin\u0105 cukrow\u0105 i materia\u0142ami PCR oraz przetwarzamy nasze odpady z tworzyw sztucznych<\/p>\n                                <\/div>\n                                                                                        <div class=\"our-advantages-item-right\">\n                                    <p>ekologiczny<\/p>\n                                <\/div>\n                                                    <\/div>\n                                    <\/div>\n                    <\/div>\n    <\/section>\n\n\n    <section class=\"our-news \" id=\"block_62b77d4aec5e8\">\n        <div class=\"container\">\n                            <h3 id=\"our-news\">A<b>ktualno\u015bci<\/b>\n<\/h3>\n                                    <div class=\"our-news-items\">\n                    <div class=\"our-news-item\">\r\n    <img src=\"https:\/\/leangroup.pl\/wp-content\/uploads\/2022\/06\/Rectangle.jpg\" alt=\"Nowosticz 1\">\r\n    <h4>Nowosticz 1<\/h4>\r\n    <p>Lorem ipsum dolor sit amet, consectetur adipiscing elit, sed do eiusmod tempor incididunt ut labore et dolore magna aliqua. Non nisi est sit amet facilisis magna etiam tempor. Sit amet venenatis urna cursus eget nunc scelerisque viverra.<\/p>\n<\/div><div class=\"our-news-item\">\r\n    <img src=\"https:\/\/leangroup.pl\/wp-content\/uploads\/2022\/06\/Rectangle.jpg\" alt=\"Nowosticz 2\">\r\n    <h4>Nowosticz 2<\/h4>\r\n    <p>Lorem ipsum dolor sit amet, consectetur adipiscing elit, sed do eiusmod tempor incididunt ut labore et dolore magna aliqua. Non nisi est sit amet facilisis magna etiam tempor. Sit amet venenatis urna cursus eget nunc scelerisque viverra.<\/p>\n<\/div><div class=\"our-news-item\">\r\n    <img src=\"https:\/\/leangroup.pl\/wp-content\/uploads\/2022\/06\/news1.png\" alt=\"Produkcja rur polipropylenowych\">\r\n    <h4>Produkcja rur polipropylenowych<\/h4>\r\n    <p>Problem przyjazno\u015bci dla \u015brodowiska produkcji polega nie tylko na doborze odpowiedniego materia\u0142u na produkt, ale tak\u017ce na recyklingu opakowa\u0144 po zu\u017cyciu. Jednym z naszych udanych rozwi\u0105za\u0144 tego problemu jest produkcja tub polipropylenowych.<br \/>\nW 100% nadaj\u0105 si\u0119 do recyklingu bez dalszego dzielenia si\u0119 na cz\u0119\u015bci sk\u0142adowe!<\/p>\n<\/div>            <\/div>\n                    <\/div>\n    <\/section>\n\n\n            <section class=\"making-tubes \" id=\"block_62b7752ac9a56\">\n            <div class=\"making-tubes-text\">\n                <p>I NANOSIMY NADRUKI<\/p>\n<p><b>PRODUKUJEMY TUBY<\/b><\/p>\n<p>I NANOSIMY NADRUKI<\/p>\n            <\/div>\n        <\/section>\n    \n\n        <section class=\"video \" id=\"block_62b775dbec5da\">\n        <div class=\"container\">\n            <iframe loading=\"lazy\" width=\"1182\" height=\"652px\" src=\"https:\/\/www.youtube.com\/embed\/19u4NDOHE9w\" title=\"YouTube video player\" frameborder=\"0\" allow=\"accelerometer; autoplay; clipboard-write; encrypted-media; gyroscope; picture-in-picture\" allowfullscreen><\/iframe>\n        <\/div>\n    <\/section>\n    \n\n        <section class=\"contacts \" id=\"block_62b77b5aec5e6\">\n        <div class=\"container\">\n            <div class=\"contacts-top\">\n                                    <h3 id=\"contacts\">Skontaktuj si\u0119 z nami<br \/>\n<b>b\u0119dziemy tworzy\u0107 razem!<\/b>\n<\/h3>\n                                <img src=\"https:\/\/leangroup.pl\/wp-content\/themes\/leangroup\/images\/icons\/wave.svg\" alt=\"\">\n            <\/div>\n            <div class=\"contacts-bottom\">\n                                    <div class=\"contacts-bottom-left\">\n                        <p>Offline<\/p>\n<h5>Al.Jerozolimskie 85\/21<br \/>\n02-001 Warszawa,<br \/>\nPoland<\/h5>\n<p>Online<\/p>\n<h5>+48 73 1111 044<\/h5>\n<h5>office@leangroup.pl<\/h5>\n                    <\/div>\n                                <div role=\"form\" class=\"wpcf7\" id=\"wpcf7-f490-o1\" lang=\"en-US\" dir=\"ltr\">\n<div class=\"screen-reader-response\"><p role=\"status\" aria-live=\"polite\" aria-atomic=\"true\"><\/p> <ul><\/ul><\/div>\n<form action=\"\/pl\/wp-json\/wp\/v2\/pages\/316#wpcf7-f490-o1\" method=\"post\" class=\"wpcf7-form init\" novalidate=\"novalidate\" data-status=\"init\">\n<div style=\"display: none;\">\n<input type=\"hidden\" name=\"_wpcf7\" value=\"490\" \/>\n<input type=\"hidden\" name=\"_wpcf7_version\" value=\"5.5.2\" \/>\n<input type=\"hidden\" name=\"_wpcf7_locale\" value=\"en_US\" \/>\n<input type=\"hidden\" name=\"_wpcf7_unit_tag\" value=\"wpcf7-f490-o1\" \/>\n<input type=\"hidden\" name=\"_wpcf7_container_post\" value=\"0\" \/>\n<input type=\"hidden\" name=\"_wpcf7_posted_data_hash\" value=\"\" \/>\n<\/div>\n<span class=\"wpcf7-form-control-wrap your-name\"><input type=\"text\" name=\"your-name\" value=\"\" size=\"40\" class=\"wpcf7-form-control wpcf7-text wpcf7-validates-as-required\" aria-required=\"true\" aria-invalid=\"false\" placeholder=\"Imi\u0119\" \/><\/span>\n<span class=\"wpcf7-form-control-wrap your-email\"><input type=\"email\" name=\"your-email\" value=\"\" size=\"40\" class=\"wpcf7-form-control wpcf7-text wpcf7-email wpcf7-validates-as-required wpcf7-validates-as-email\" aria-required=\"true\" aria-invalid=\"false\" placeholder=\"Email\" \/><\/span>\n<span class=\"wpcf7-form-control-wrap your-comments\"><input type=\"text\" name=\"your-comments\" value=\"\" size=\"40\" class=\"wpcf7-form-control wpcf7-text\" aria-invalid=\"false\" placeholder=\"Komentarz\" \/><\/span>\n<br>\n<button type=\"submit\">Wy\u015blij zam\u00f3wienie<\/button><div class=\"wpcf7-response-output\" aria-hidden=\"true\"><\/div><\/form><\/div>            <\/div>\n        <\/div>\n    <\/section>\n","protected":false},"excerpt":{"rendered":"","protected":false},"author":1,"featured_media":0,"parent":0,"menu_order":0,"comment_status":"closed","ping_status":"closed","template":"template-page-for-acf.php","meta":[],"_links":{"self":[{"href":"https:\/\/leangroup.pl\/pl\/wp-json\/wp\/v2\/pages\/316"}],"collection":[{"href":"https:\/\/leangroup.pl\/pl\/wp-json\/wp\/v2\/pages"}],"about":[{"href":"https:\/\/leangroup.pl\/pl\/wp-json\/wp\/v2\/types\/page"}],"author":[{"embeddable":true,"href":"https:\/\/leangroup.pl\/pl\/wp-json\/wp\/v2\/users\/1"}],"replies":[{"embeddable":true,"href":"https:\/\/leangroup.pl\/pl\/wp-json\/wp\/v2\/comments?post=316"}],"version-history":[{"count":105,"href":"https:\/\/leangroup.pl\/pl\/wp-json\/wp\/v2\/pages\/316\/revisions"}],"predecessor-version":[{"id":812,"href":"https:\/\/leangroup.pl\/pl\/wp-json\/wp\/v2\/pages\/316\/revisions\/812"}],"wp:attachment":[{"href":"https:\/\/leangroup.pl\/pl\/wp-json\/wp\/v2\/media?parent=316"}],"curies":[{"name":"wp","href":"https:\/\/api.w.org\/{rel}","templated":true}]}}