{"id":667,"date":"2022-07-08T10:54:34","date_gmt":"2022-07-08T07:54:34","guid":{"rendered":"http:\/\/lg.skyweb.by\/home-3\/"},"modified":"2022-07-26T12:03:20","modified_gmt":"2022-07-26T09:03:20","slug":"home-3","status":"publish","type":"page","link":"https:\/\/leangroup.pl\/fr\/","title":{"rendered":"Home"},"content":{"rendered":"    <section class=\"top \" id=\"block_62b77090c7ece\">\n        <div class=\"container\">\n            <h1>Tubes et<br \/>\n\u00e9tiquettes<\/h1>\n            <div class=\"top-content\">\n                <div class=\"top-left\">\n                    <p>Votre source d\u2019emballage flexible<\/p>\n                                            <a href=\"#contacts\" class=\"button-orang-a\">Contacts<\/a>\n                                    <\/div>\n\n                <div class=\"top-right\">\n                                            <h6>Nous fabriquons:<\/h6>\n                                                                <div class=\"top-right-items\">\n                                                            <div class=\"top-right-item\">\n                                                                            <img src=\"https:\/\/leangroup.pl\/wp-content\/uploads\/2022\/06\/we-produce1.png\" alt=\"\">\n                                                                        <span>01.<\/span>\n                                                                            <p>Tubes lamin\u00e9s<\/p>\n                                                                    <\/div>\n                                                            <div class=\"top-right-item\">\n                                                                            <img src=\"https:\/\/leangroup.pl\/wp-content\/uploads\/2022\/06\/we-produce2.png\" alt=\"\">\n                                                                        <span>02.<\/span>\n                                                                            <p>Tubes extrud\u00e9s<\/p>\n                                                                    <\/div>\n                                                            <div class=\"top-right-item\">\n                                                                            <img src=\"https:\/\/leangroup.pl\/wp-content\/uploads\/2022\/06\/we-produce3.png\" alt=\"\">\n                                                                        <span>03.<\/span>\n                                                                            <p>Autres solutions et produits<\/p>\n                                                                    <\/div>\n                                                    <\/div>\n                                                                <a href=\"#our-news\" class=\"button-orang-a\"  id=\"about\">Actualit\u00e9s<\/a>\n                                    <\/div>\n            <\/div>\n        <\/div>\n    <\/section>\n\n\n        <section class=\"about-company \" id=\"block_62b772c747e81\">\n        <div class=\"container\">\n            <h3>\u00c0 propos<b> de nous<\/b><\/h3>\n<p>LeanGroup EUROPE est une soci\u00e9t\u00e9 jeune et ambitieuse qui a \u00e9t\u00e9 cr\u00e9\u00e9e en 2018 \u00e0 Varsovie, Pologne.<br \/>\nL\u2019activit\u00e9 principale de la soci\u00e9t\u00e9, c\u2019est la production des tubes lamin\u00e9s et extrud\u00e9s pour les cosm\u00e9tiques (soins de la peau, soins bucco-dentaires, soins des cheveux), les produits alimentaires (tels que les \u00e9pices, la moutarde, le lait concentr\u00e9, etc.).<br \/>\nDe plus, nous offrons l\u2019impression sur film pour les sachets et les \u00e9tiquettes.<\/p>\n<p>Actuellement, la g\u00e9ographie de nos ventes couvre les pays de l\u2019UE, ainsi que le Royaume-Uni, mais notre potentiel \u00e9tend notre pr\u00e9sence dans le monde entier.<\/p>\n        <\/div>\n    <\/section>\n\n\n\n    \n    <section class=\"we-offer \" id=\"block_62b786167716d\">\n        <div class=\"we-offer-content\">\n            <div class=\"container\">\n                <div class=\"we-offer-top\">\n                    <div class=\"we-offer-header\">\n                                                    <h3 id=\"we-offer\">NOUS <b>OFFRONS<\/b>\n<\/h3>\n                                                                        <a href=\"https:\/\/leangroup.pl\/wp-content\/uploads\/2022\/07\/LeanGroup-Catalog.pdf\" class=\"button-orang-a\" download=\"\">\n                            <img src=\"https:\/\/leangroup.pl\/wp-content\/themes\/leangroup\/images\/icons\/Download-our-catalog.png\" alt=\"\">\n                            T\u00e9l\u00e9chargez notre catalogue                        <\/a>\n                                            <\/div>\n                                            <div class=\"we-offer-grid\">\n                                                            <div class=\"we-offer-grid-item\">\n                                    <h5>Tubes<br \/>\r\nlamin\u00e9s <\/h5>\n                                    <div class=\"line\"><\/div>\n                                    <p>la productivit\u00e9 maximale<br \/>\r\nest de 550 mln\/an<\/p>\n                                <\/div>\n                                                           <div class=\"we-offer-grid-item\">\n                                    <h5>Tubes<br \/>\r\nextrud\u00e9s <\/h5>\n                                    <div class=\"line\"><\/div>\n                                    <p>la productivit\u00e9 maximale<br \/>\r\nest de 50 mln\/an<\/p>\n                                <\/div>\n                                                           <div class=\"we-offer-grid-item\">\n                                    <h5>Bouchons et crochets <\/h5>\n                                    <div class=\"line\"><\/div>\n                                    <p>pour tubes \u2013 notre propre production<\/p>\n                                <\/div>\n                                                           <div class=\"we-offer-grid-item\">\n                                    <h5>Autres solutions et produits <\/h5>\n                                    <div class=\"line\"><\/div>\n                                    <p>\u00c9tiquettes autocollantes, \u00e9tiquettes r\u00e9tractables, sachets<\/p>\n                                <\/div>\n                                                   <\/div>\n                                                            <div class=\"we-offer-bottom\">\n                        <a href=\"https:\/\/leangroup.pl\/wp-content\/uploads\/2022\/07\/LeanGroup-Catalog.pdf\" class=\"button-orang-a\" download=\"\">\n                            <img src=\"https:\/\/leangroup.pl\/wp-content\/themes\/leangroup\/images\/icons\/Download-our-catalog.png\" alt=\"\">\n                            T\u00e9l\u00e9chargez notre catalogue                        <\/a>\n                    <\/div>\n                                    <\/div>\n            <\/div>\n            <div class=\"we-print\">\n                <div class=\"we-print-content\">\n                    <div class=\"container\">\n                        <div class=\"we-print-top\">\n                                                        <div class=\"we-print-left\">\n                                <h3>NOUS<br \/>\n<b>IMPRIMONS<\/b><\/h3>\n<p>de diff\u00e9rentes mani\u00e8res<br \/>\nsur diff\u00e9rentes surfaces<\/p>\n                            <\/div>\n                                                                                    <div class=\"we-print-right\">\n                                <img src=\"https:\/\/leangroup.pl\/wp-content\/uploads\/2022\/06\/we-print.png\" alt=\"\">\n                            <\/div>\n                                                    <\/div>\n                                                    <div class=\"we-print-grid\">\n                                                                    <div class=\"we-print-grid-item\">\n                                        <h5>L\u2019 impression sur le film <\/h5>\n                                        <div class=\"line\"><\/div>\n                                        l\u2019impression Flexo et l\u2019impression Num\u00e9rique                                    <\/div>\n                                                                    <div class=\"we-print-grid-item\">\n                                        <h5>L\u2019Impression sur les types <\/h5>\n                                        <div class=\"line\"><\/div>\n                                        sur tubes stratifi\u00e9s (l\u2019impression Flexo \/ num\u00e9rique \/ s\u00e9rigraphie \/ le gaufrage \u00e0 froid ou \u00e0 chaud<br \/>\r\n<br \/>\r\nsur tubes d\u2019extrusion l\u2019impression Flexo \/ Offset\/ num\u00e9rique \/ s\u00e9rigraphie \/ le gaufrage  \u00e0 chaud.<br \/>\r\n                                    <\/div>\n                                                                    <div class=\"we-print-grid-item\">\n                                        <h5>L\u2019Impression sur les \u00e9tiquettes  <\/h5>\n                                        <div class=\"line\"><\/div>\n                                        L\u2019Impression sur les \u00e9tiquettes et sur le film pour des sachets                                    <\/div>\n                                                            <\/div>\n                                            <\/div>\n                <\/div>\n            <\/div>\n        <\/div>\n\n    <\/section>\n\n\n        <section class=\"we-create \" id=\"block_62b778b2ec5e1\">\n        <div class=\"container\">\n            <div class=\"we-create-left\">\n                                    <h3 id=\"gallery\">Nous <b>cr\u00e9ons<\/b>\n<\/h3>\n                                                    <img id=\"myImg\" src=\"https:\/\/leangroup.pl\/wp-content\/uploads\/2022\/06\/we-create1.jpg\" alt=\"\" \/>\n                                            <div id=\"myModal\" class=\"modal\">\n                            <!-- The Close Button -->\n                            <span class=\"close\">&times;<\/span>\n                            <!-- Modal Content (The Image) -->\n                            <img class=\"modal-content\" id=\"img01\">\n                        <\/div>\n                                    <div class=\"we-create-left-group\">                    <img id=\"myImg2\" src=\"https:\/\/leangroup.pl\/wp-content\/uploads\/2022\/06\/we-create2.png\" alt=\"\" \/>\n                                                        <img id=\"myImg3\" src=\"https:\/\/leangroup.pl\/wp-content\/uploads\/2022\/06\/we-create3.jpg\" alt=\"\" \/>\n                    <\/div><\/div> <div class=\"we-create-right\">                                    <img id=\"myImg4\" src=\"https:\/\/leangroup.pl\/wp-content\/uploads\/2022\/06\/we-create4.jpg\" alt=\"\" \/>\n                                                        <img id=\"myImg5\" src=\"https:\/\/leangroup.pl\/wp-content\/uploads\/2022\/06\/we-create5.jpg\" alt=\"\" \/>\n                                                <\/div>\n        <\/div>\n    <\/section>\n    \n\n    <section class=\"our-advantages \" id=\"about-company\">\n        <div class=\"container\">\n                            <h3 id=\"our-advantages\">NOS <b>AVANTAGES<\/b>\n<\/h3>\n                                        <div class=\"our-advantages-items\">\n                                            <div class=\"our-advantages-item\">\n                                                            <div class=\"our-advantages-item-left\">\n                                    <p>Une <b>vaste exp\u00e9rience<\/b> \u2013 nos sp\u00e9cialistes sont hautement qualifi\u00e9s et professionnels<\/p>\n                                <\/div>\n                                                                                        <div class=\"our-advantages-item-right\">\n                                    <p>exp\u00e9rience<\/p>\n                                <\/div>\n                                                    <\/div>\n                                            <div class=\"our-advantages-item\">\n                                                            <div class=\"our-advantages-item-left\">\n                                    <p>Nous nous soucions de notre <b>r\u00e9putation <\/b>\u2013 des contrats \u00e0 long terme avec nos clients et fournisseurs<\/p>\n                                <\/div>\n                                                                                        <div class=\"our-advantages-item-right\">\n                                    <p>r\u00e9putation<\/p>\n                                <\/div>\n                                                    <\/div>\n                                            <div class=\"our-advantages-item\">\n                                                            <div class=\"our-advantages-item-left\">\n                                    <p><b>Les normes<\/b>\u00a0de chaque processus de production et de chaque produit sont confirm\u00e9es par les certificats ISO 9001:2008 et BRC Classe A+<\/p>\n                                <\/div>\n                                                                                        <div class=\"our-advantages-item-right\">\n                                    <p>Les normes<\/p>\n                                <\/div>\n                                                    <\/div>\n                                            <div class=\"our-advantages-item\">\n                                                            <div class=\"our-advantages-item-left\">\n                                    <p><b>Flexibilit\u00e9<\/b>\u00a0\u2013 nous travaillons 24h\/24 et 7j\/7 et livrons nos produits dans diff\u00e9rents points du monde<\/p>\n                                <\/div>\n                                                                                        <div class=\"our-advantages-item-right\">\n                                    <p>Flexibilit\u00e9<\/p>\n                                <\/div>\n                                                    <\/div>\n                                            <div class=\"our-advantages-item\">\n                                                            <div class=\"our-advantages-item-left\">\n                                    <p>Nous nous <b>d\u00e9veloppons <\/b>et <b>investissons <\/b>dans la production \u2013 le r\u00e9sultat, c\u2019est une position cl\u00e9 sur le march\u00e9, les nouvelles technologies<\/p>\n                                <\/div>\n                                                                                        <div class=\"our-advantages-item-right\">\n                                    <p>le r\u00e9sultat<\/p>\n                                <\/div>\n                                                    <\/div>\n                                            <div class=\"our-advantages-item\">\n                                                            <div class=\"our-advantages-item-left\">\n                                    <p>Des solutions\u00a0<b>\u00e9cologiques<\/b>\u00a0\u2013 Nous ne pouvons pas \u00eatre totalement \u00ab\u00a0verts\u00a0\u00bb, mais nous travaillons dur pour r\u00e9duire l\u2019impact nocif sur notre environnement \u2013 nous travaillons avec de la canne \u00e0 sucre et des mat\u00e9riaux PCR et recyclons nos d\u00e9chets plastiques<\/p>\n                                <\/div>\n                                                                                        <div class=\"our-advantages-item-right\">\n                                    <p>\u00e9cologiques<\/p>\n                                <\/div>\n                                                    <\/div>\n                                    <\/div>\n                    <\/div>\n    <\/section>\n\n\n    <section class=\"our-news \" id=\"block_62b77d4aec5e8\">\n        <div class=\"container\">\n                            <h3 id=\"our-news\">A<b>CTUALIT\u00c9<\/b>\n<\/h3>\n                                    <div class=\"our-news-items\">\n                    <div class=\"our-news-item\">\r\n    <img src=\"https:\/\/leangroup.pl\/wp-content\/uploads\/2022\/06\/news1.png\" alt=\"Production de tubes en polypropyl\u00e8ne\">\r\n    <h4>Production de tubes en polypropyl\u00e8ne<\/h4>\r\n    <p>Le probl\u00e8me du respect de l&rsquo;environnement de la production ne r\u00e9side pas seulement dans le choix du bon mat\u00e9riau pour le produit, mais aussi dans le recyclage des emballages apr\u00e8s utilisation. L&rsquo;une de nos solutions r\u00e9ussies \u00e0 ce probl\u00e8me est la production de tubes en polypropyl\u00e8ne.<br \/>\nIls sont 100% recyclables sans autre division en leurs composants !<\/p>\n<\/div>            <\/div>\n                    <\/div>\n    <\/section>\n\n\n            <section class=\"making-tubes \" id=\"block_62b7752ac9a56\">\n            <div class=\"making-tubes-text\">\n                <p>ET CR\u00c9ONS L\u2019IMPRESSION<\/p>\n<p><b>FABRIQUONS LES TUBES<\/b><\/p>\n<p>ET CR\u00c9ONS L\u2019IMPRESSION<\/p>\n            <\/div>\n        <\/section>\n    \n\n        <section class=\"video \" id=\"block_62b775dbec5da\">\n        <div class=\"container\">\n            <iframe loading=\"lazy\" width=\"1182\" height=\"652px\" src=\"https:\/\/www.youtube.com\/embed\/19u4NDOHE9w\" title=\"YouTube video player\" frameborder=\"0\" allow=\"accelerometer; autoplay; clipboard-write; encrypted-media; gyroscope; picture-in-picture\" allowfullscreen><\/iframe>\n        <\/div>\n    <\/section>\n    \n\n        <section class=\"contacts \" id=\"block_62b77b5aec5e6\">\n        <div class=\"container\">\n            <div class=\"contacts-top\">\n                                    <h3 id=\"contacts\">Rejoignez-nous et<br \/>\n<b>Cr\u00e9ons!<\/b>\n<\/h3>\n                                <img src=\"https:\/\/leangroup.pl\/wp-content\/themes\/leangroup\/images\/icons\/wave.svg\" alt=\"\">\n            <\/div>\n            <div class=\"contacts-bottom\">\n                                    <div class=\"contacts-bottom-left\">\n                        <p>Offline<\/p>\n<h5>Al.Jerozolimskie 85\/21<br \/>\n02-001 Warszawa,<br \/>\nPoland<\/h5>\n<p>Online<\/p>\n<h5>+48 73 1111 044<\/h5>\n<h5>office@leangroup.pl<\/h5>\n                    <\/div>\n                                <div role=\"form\" class=\"wpcf7\" id=\"wpcf7-f493-o1\" lang=\"en-US\" dir=\"ltr\">\n<div class=\"screen-reader-response\"><p role=\"status\" aria-live=\"polite\" aria-atomic=\"true\"><\/p> <ul><\/ul><\/div>\n<form action=\"\/fr\/wp-json\/wp\/v2\/pages\/667#wpcf7-f493-o1\" method=\"post\" class=\"wpcf7-form init\" novalidate=\"novalidate\" data-status=\"init\">\n<div style=\"display: none;\">\n<input type=\"hidden\" name=\"_wpcf7\" value=\"493\" \/>\n<input type=\"hidden\" name=\"_wpcf7_version\" value=\"5.5.2\" \/>\n<input type=\"hidden\" name=\"_wpcf7_locale\" value=\"en_US\" \/>\n<input type=\"hidden\" name=\"_wpcf7_unit_tag\" value=\"wpcf7-f493-o1\" \/>\n<input type=\"hidden\" name=\"_wpcf7_container_post\" value=\"0\" \/>\n<input type=\"hidden\" name=\"_wpcf7_posted_data_hash\" value=\"\" \/>\n<\/div>\n<span class=\"wpcf7-form-control-wrap your-name\"><input type=\"text\" name=\"your-name\" value=\"\" size=\"40\" class=\"wpcf7-form-control wpcf7-text wpcf7-validates-as-required\" aria-required=\"true\" aria-invalid=\"false\" placeholder=\"Nom\" \/><\/span>\n<span class=\"wpcf7-form-control-wrap your-email\"><input type=\"email\" name=\"your-email\" value=\"\" size=\"40\" class=\"wpcf7-form-control wpcf7-text wpcf7-email wpcf7-validates-as-required wpcf7-validates-as-email\" aria-required=\"true\" aria-invalid=\"false\" placeholder=\"Email\" \/><\/span>\n<span class=\"wpcf7-form-control-wrap your-comments\"><input type=\"text\" name=\"your-comments\" value=\"\" size=\"40\" class=\"wpcf7-form-control wpcf7-text\" aria-invalid=\"false\" placeholder=\"Commentaires\" \/><\/span>\n<br>\n<button type=\"submit\">Envoyer une demande<\/button><div class=\"wpcf7-response-output\" aria-hidden=\"true\"><\/div><\/form><\/div>            <\/div>\n        <\/div>\n    <\/section>\n","protected":false},"excerpt":{"rendered":"","protected":false},"author":1,"featured_media":0,"parent":0,"menu_order":0,"comment_status":"closed","ping_status":"closed","template":"template-page-for-acf.php","meta":[],"_links":{"self":[{"href":"https:\/\/leangroup.pl\/fr\/wp-json\/wp\/v2\/pages\/667"}],"collection":[{"href":"https:\/\/leangroup.pl\/fr\/wp-json\/wp\/v2\/pages"}],"about":[{"href":"https:\/\/leangroup.pl\/fr\/wp-json\/wp\/v2\/types\/page"}],"author":[{"embeddable":true,"href":"https:\/\/leangroup.pl\/fr\/wp-json\/wp\/v2\/users\/1"}],"replies":[{"embeddable":true,"href":"https:\/\/leangroup.pl\/fr\/wp-json\/wp\/v2\/comments?post=667"}],"version-history":[{"count":25,"href":"https:\/\/leangroup.pl\/fr\/wp-json\/wp\/v2\/pages\/667\/revisions"}],"predecessor-version":[{"id":806,"href":"https:\/\/leangroup.pl\/fr\/wp-json\/wp\/v2\/pages\/667\/revisions\/806"}],"wp:attachment":[{"href":"https:\/\/leangroup.pl\/fr\/wp-json\/wp\/v2\/media?parent=667"}],"curies":[{"name":"wp","href":"https:\/\/api.w.org\/{rel}","templated":true}]}}